{"id":7249,"date":"2021-03-24T19:54:56","date_gmt":"2021-03-24T19:54:56","guid":{"rendered":"https:\/\/residencialoamavel.com\/politica-de-privacidade\/"},"modified":"2024-07-30T17:11:55","modified_gmt":"2024-07-30T17:11:55","slug":"privacy-policy","status":"publish","type":"page","link":"https:\/\/residencialoamavel.com\/en\/privacy-policy\/","title":{"rendered":"Privacy Policy"},"content":{"rendered":"\t\t<div data-elementor-type=\"wp-post\" data-elementor-id=\"7249\" class=\"elementor elementor-7249 elementor-6412\">\n\t\t\t\t\t\t<section class=\"elementor-section elementor-top-section elementor-element elementor-element-cbcaab4 elementor-section-full_width elementor-section-height-default elementor-section-height-default\" data-id=\"cbcaab4\" data-element_type=\"section\" data-e-type=\"section\">\n\t\t\t\t\t\t<div class=\"elementor-container elementor-column-gap-no\">\n\t\t\t\t\t<div class=\"elementor-column elementor-col-100 elementor-top-column elementor-element elementor-element-d1718da\" data-id=\"d1718da\" data-element_type=\"column\" data-e-type=\"column\">\n\t\t\t<div class=\"elementor-widget-wrap elementor-element-populated\">\n\t\t\t\t\t\t<div class=\"elementor-element elementor-element-a1aeb58 elementor-hidden-tablet elementor-hidden-phone elementor-widget elementor-widget-spacer\" data-id=\"a1aeb58\" data-element_type=\"widget\" data-e-type=\"widget\" data-widget_type=\"spacer.default\">\n\t\t\t\t<div class=\"elementor-widget-container\">\n\t\t\t\t\t\t\t<div class=\"elementor-spacer\">\n\t\t\t<div class=\"elementor-spacer-inner\"><\/div>\n\t\t<\/div>\n\t\t\t\t\t\t<\/div>\n\t\t\t\t<\/div>\n\t\t\t\t<div class=\"elementor-element elementor-element-3f180ea elementor-widget elementor-widget-ova_heading\" data-id=\"3f180ea\" data-element_type=\"widget\" data-e-type=\"widget\" data-widget_type=\"ova_heading.default\">\n\t\t\t\t<div class=\"elementor-widget-container\">\n\t\t\t\t\t\t\t\t\t<section class=\"breadcrumb-menu-v2 breadcrumb-section section-box\" style=\"background-image: url(https:\/\/residencialoamavel.com\/wp-content\/uploads\/2021\/07\/slider2.jpg)\">\n\t\t\t\t<div class=\"container\">\n\t\t\t\t\t<div class=\"breadcrumb-inner\">\n\t\t\t\t\t\t\t\t\t\t\t\t\t<h1>Privacy Policy<\/h1>\n\t\t\t\t\t\t\t\t\t\t\t\t\t\t\t\t\t<\/div>\t\n\t\t\t\t<\/div>\n\t\t\t<\/section>\n\t\t\t\t\t\t\t<\/div>\n\t\t\t\t<\/div>\n\t\t\t\t\t<\/div>\n\t\t<\/div>\n\t\t\t\t\t<\/div>\n\t\t<\/section>\n\t\t\t\t<section class=\"elementor-section elementor-top-section elementor-element elementor-element-a20a23c elementor-section-boxed elementor-section-height-default elementor-section-height-default\" data-id=\"a20a23c\" data-element_type=\"section\" data-e-type=\"section\" data-settings=\"{&quot;background_background&quot;:&quot;classic&quot;}\">\n\t\t\t\t\t\t<div class=\"elementor-container elementor-column-gap-default\">\n\t\t\t\t\t<div class=\"elementor-column elementor-col-100 elementor-top-column elementor-element elementor-element-cd396fa\" data-id=\"cd396fa\" data-element_type=\"column\" data-e-type=\"column\">\n\t\t\t<div class=\"elementor-widget-wrap elementor-element-populated\">\n\t\t\t\t\t\t<div class=\"elementor-element elementor-element-ceb82ef elementor-widget elementor-widget-text-editor\" data-id=\"ceb82ef\" data-element_type=\"widget\" data-e-type=\"widget\" data-widget_type=\"text-editor.default\">\n\t\t\t\t<div class=\"elementor-widget-container\">\n\t\t\t\t\t\t\t\t\t<p>The privacy of the user is important for Am\u00e1vel Casimiro S\u00e1bio Lda., Referred to as RESIDENCIAL O AM\u00c1VEL.<\/p><p>RESIDENCIAL O AM\u00c1VEL undertakes to guarantee the confidentiality and privacy in the collection and processing of the data of its Clients and Users, fulfilling its obligations under the General Regulation on Data Protection, having for that purpose developed this Privacy Policy.<\/p><p>General scope:<\/p><p>RESIDENCIAL O AM\u00c1VEL is responsible for this Privacy Policy. The present covers this website, as well as other sites, microsites, forms and documents that mention the said policy.<\/p><p>In the scope of this Privacy Policy, RESIDENCIAL O AM\u00c1VEL defined as:<\/p><p>Customer: any entity that purchases our products; and\u00a0the User: any visitor to this website, as well as other sites and microsites that mention the said policy.<\/p><p>RESIDENCIAL O AM\u00c1VEL reserves the right to update or modify its Privacy Policy at any time, in particular, in order to adapt it to legislative changes. The user is thus advised to visit this page regularly.<\/p><p>Consent:<\/p><p>By using this website, you are giving your consent for the collection and use of the information.<\/p><p>RESIDENCIAL O AM\u00c1VEL may at any time modify, add or delete any of the privacy policies of its website (https:\/\/residencialoamavel.com) by updating the content of this page.<\/p><p>Data collected:<\/p><p>RESIDENCIAL O AM\u00c1VEL collects data from its Customers and Users, by submitting existing forms for this purpose, in digital and \/ or physical format.<\/p><p>RESIDENCIAL O AM\u00c1VEL is the entity responsible for collecting and processing this data, deciding the categories of data collected, the treatment and the purposes it will provide. All procedures performed in an automated and non-automated manner that allow the collection, organization, storage , modification and transfer of personal data will be considered as \u201cprocessing of personal data\u201d.<\/p><p>Use of data:<\/p><p>The data collected by RESIDENCIAL O AM\u00c1VEL is intended for the communication process with Clients and Users.<\/p><p>Access to data:<\/p><p>RESIDENCIAL O AM\u00c1VEL does not disclose to third parties any personal data of its Customers and Users, without its consent, except (1) when dealing with Group companies, or (2) when it is necessary for employees, employees, suppliers or partners RESIDENCIAL O AM\u00c1VEL commercials may provide a product or service or perform a function on behalf of RESIDENCIAL O AM\u00c1VEL, or (3) when required or permitted by law.<\/p><p>RESIDENCIAL O AM\u00c1VEL shall take reasonable precautions to ensure that its employees or employees with access to personal data are adequately trained in their correct processing, with respect to this policy and legal data protection obligations. In the event of non-compliance, RESIDENCIAL O AM\u00c1VEL will apply disciplinary sanctions to its employees and employees.<\/p><p>Whenever RESIDENCIAL O AM\u00c1VEL discloses the personal data of the user will safeguard compliance with the Law of Protection of Personal Data, namely by providing contractual provisions that ensure that the third party uses the data received only for the purposes specified, and in accordance with the purposes described in this policy, and makes use of appropriate means of security, in order to protect the personal data of the user against illegal or unauthorized treatments as well as against their accidental loss, destruction or other harmful actions.<\/p><p>Data storage:<\/p><p>RESIDENCIAL O AM\u00c1VEL stores the data of its clients and Users on its servers located in Portugal. These servers are protected and maintained in accordance with high standards of security and in order to comply with the applicable privacy laws.<\/p><p>Data Storage Time:<\/p><p>The period of time for the storage and preservation of the personal data of Customers and Users of RESIDENCIAL O AM\u00c1VEL varies according to the purpose.<\/p><p>The personal data of the Users of our website and microsites will be preserved until they remain active and are deleted for the purpose of this use.<\/p><p>Client data and other specific data to be kept to comply with RESIDENCIAL O AM\u00c1VEL\u2019s legal obligations may be extended for a maximum period of up to 10 years (in accordance with article 130 of the Corporate Income Tax Code). which they will be eliminated.<\/p><p>Data security:<\/p><p>RESIDENCIAL O AM\u00c1VEL has taken the necessary technical and organizational measures to adequately protect its data regarding unauthorized processing and access.<\/p><p>RESIDENCIAL O AM\u00c1VEL makes all reasonable efforts to prevent the unauthorized or illegal use of the user\u2019s personal data, as well as its loss, destruction or damage. However, RESIDENCIAL O AM\u00c1VEL can not provide an absolute guarantee regarding the data of the User. Whenever there is an escape, loss or violation of personal data that is likely to pose a high risk to the rights and freedoms of its Customers and Users, RESIDENCIAL O AM\u00c1VEL will:<\/p><p>Notify, within 72 hours after being informed of the event, the control authorities;<\/p><p>Communicate the situation to the affected data owner (s) in a timely manner.<\/p><p>RESIDENCIAL O AM\u00c1VEL guarantees the security of the user\u2019s personal data through the following means: (1) use of encryption with certificate in all communications of the website, (2) use of password to access the website; and (3) limitation of access to personal data (for example, access only to RESIDENCIAL O AM\u00c1VEL employees or workers who need to access them for the purposes described above).<\/p><p>External Links:<\/p><p>RESIDENCIAL O AM\u00c1VEL\u2019s website, microsites and social platforms may contain links to other websites and email addresses of companies not belonging to RESIDENCIAL O AM\u00c1VEL.<\/p><p>This privacy policy does not apply to such websites and email addresses.<\/p><p>If you access a link available on the website, microsites and social platforms of RESIDENCIAL O AM\u00c1VEL to another website and provide personal data on that site, the processing of the data will be subject to the privacy statement of that website.<\/p><p>Cookies:<\/p><p>The RESIDENCIAL O AM\u00c1VEL website uses cookies in certain areas.<\/p><p>Cookies are files that store information on the user\u2019s hard drive or browser, allowing websites to recognize it and know they\u2019ve visited them before.<\/p><p>You can configure your browser to refuse cookies, but in that case, the website or parts of it may not function properly.<\/p><p>Cookies are used to monitor and analyze the use of the website, allowing RESIDENCIAL O AM\u00c1VEL to identify and better serve the User.<\/p><p>User Rights:<\/p><p>According to the Law of Protection of Personal Data, the user has the right to obtain information about their personal data. You have the right to know that personal data has been processed by RESIDENCIAL O AM\u00c1VEL and may also require you to correct, supplement, block or delete the data in whole or in part if they are incomplete, incorrect or irrelevant for processing purposes.<\/p><p>The data update must be communicated by the user through the form created for the purpose or through the email\u00a0<strong><a href=\"mailto:geral@residencialoamavel.com\">geral@residencialoamavel.com<\/a><\/strong>.<\/p><p>If you wish, at any time, to stop being part of the RESIDENCIAL O AM\u00c1VEL database, you can exercise this right by contacting us through the email <strong><a href=\"mailto:geral@residencialoamavel.com\">geral@residencialoamavel.com<\/a><\/strong>.<\/p>\t\t\t\t\t\t\t\t<\/div>\n\t\t\t\t<\/div>\n\t\t\t\t\t<\/div>\n\t\t<\/div>\n\t\t\t\t\t<\/div>\n\t\t<\/section>\n\t\t\t\t<\/div>\n\t\t","protected":false},"excerpt":{"rendered":"<p>Privacy Policy The privacy of the user is important for Am\u00e1vel Casimiro S\u00e1bio Lda., Referred to as RESIDENCIAL O AM\u00c1VEL. RESIDENCIAL O AM\u00c1VEL undertakes to guarantee the confidentiality and privacy in the collection and processing of the data of its Clients and Users, fulfilling its obligations under the General Regulation on Data Protection, having for [&hellip;]<\/p>\n","protected":false},"author":3,"featured_media":0,"parent":0,"menu_order":0,"comment_status":"closed","ping_status":"closed","template":"elementor_header_footer","meta":{"footnotes":""},"class_list":["post-7249","page","type-page","status-publish","hentry"],"_links":{"self":[{"href":"https:\/\/residencialoamavel.com\/en\/wp-json\/wp\/v2\/pages\/7249","targetHints":{"allow":["GET"]}}],"collection":[{"href":"https:\/\/residencialoamavel.com\/en\/wp-json\/wp\/v2\/pages"}],"about":[{"href":"https:\/\/residencialoamavel.com\/en\/wp-json\/wp\/v2\/types\/page"}],"author":[{"embeddable":true,"href":"https:\/\/residencialoamavel.com\/en\/wp-json\/wp\/v2\/users\/3"}],"replies":[{"embeddable":true,"href":"https:\/\/residencialoamavel.com\/en\/wp-json\/wp\/v2\/comments?post=7249"}],"version-history":[{"count":0,"href":"https:\/\/residencialoamavel.com\/en\/wp-json\/wp\/v2\/pages\/7249\/revisions"}],"wp:attachment":[{"href":"https:\/\/residencialoamavel.com\/en\/wp-json\/wp\/v2\/media?parent=7249"}],"curies":[{"name":"wp","href":"https:\/\/api.w.org\/{rel}","templated":true}]}}